{"id":961,"date":"2017-05-10T17:37:15","date_gmt":"2017-05-10T15:37:15","guid":{"rendered":"http:\/\/soriapasoapaso.es\/?page_id=961"},"modified":"2025-09-11T23:14:11","modified_gmt":"2025-09-11T21:14:11","slug":"conocenos","status":"publish","type":"page","link":"https:\/\/soriapasoapaso.es\/?page_id=961","title":{"rendered":"Con\u00f3cenos"},"content":{"rendered":"<div id=\"pl-961\"  class=\"panel-layout\" ><div id=\"pg-961-0\"  class=\"panel-grid panel-no-style\" ><div id=\"pgc-961-0-0\"  class=\"panel-grid-cell\" ><div id=\"panel-961-0-0-0\" class=\"so-panel widget widget_sow-editor panel-first-child panel-last-child\" data-index=\"0\" ><div\n\t\t\t\n\t\t\tclass=\"so-widget-sow-editor so-widget-sow-editor-base\"\n\t\t\t\n\t\t>\n<div class=\"siteorigin-widget-tinymce textwidget\">\n\t<h2>Junta Directiva<\/h2>\n<\/div>\n<\/div><\/div><\/div><\/div><div id=\"pg-961-1\"  class=\"panel-grid panel-no-style\" ><div id=\"pgc-961-1-0\"  class=\"panel-grid-cell\" ><div id=\"panel-961-1-0-0\" class=\"so-panel widget widget_sow-image panel-first-child\" data-index=\"1\" ><div\n\t\t\t\n\t\t\tclass=\"so-widget-sow-image so-widget-sow-image-default-c67d20f9f743-961\"\n\t\t\t\n\t\t>\n<div class=\"sow-image-container\">\n\t\t<img \n\tsrc=\"https:\/\/soriapasoapaso.es\/wp-content\/uploads\/2022\/05\/IMG-20220416-WA0011-225x300.jpg\" width=\"225\" height=\"300\" srcset=\"https:\/\/soriapasoapaso.es\/wp-content\/uploads\/2022\/05\/IMG-20220416-WA0011-225x300.jpg 225w, https:\/\/soriapasoapaso.es\/wp-content\/uploads\/2022\/05\/IMG-20220416-WA0011-768x1024.jpg 768w, https:\/\/soriapasoapaso.es\/wp-content\/uploads\/2022\/05\/IMG-20220416-WA0011-1152x1536.jpg 1152w, https:\/\/soriapasoapaso.es\/wp-content\/uploads\/2022\/05\/IMG-20220416-WA0011.jpg 1536w\" sizes=\"(max-width: 225px) 100vw, 225px\" alt=\"\" \t\tclass=\"so-widget-image\"\/>\n\t<\/div>\n\n<\/div><\/div><div id=\"panel-961-1-0-1\" class=\"so-panel widget widget_sow-editor panel-last-child\" data-index=\"2\" ><div\n\t\t\t\n\t\t\tclass=\"so-widget-sow-editor so-widget-sow-editor-base\"\n\t\t\t\n\t\t>\n<div class=\"siteorigin-widget-tinymce textwidget\">\n\t<h4 style=\"text-align: center;\">Jos\u00e9 Antonio Mart\u00ednez<\/h4>\n<h6 style=\"text-align: center;\"><span style=\"color: #808080;\">Presidente<\/span><\/h6>\n<p style=\"text-align: center;\">\u00a0<\/p>\n<\/div>\n<\/div><\/div><\/div><div id=\"pgc-961-1-1\"  class=\"panel-grid-cell\" ><div id=\"panel-961-1-1-0\" class=\"so-panel widget widget_sow-image panel-first-child\" data-index=\"3\" ><div\n\t\t\t\n\t\t\tclass=\"so-widget-sow-image so-widget-sow-image-default-c67d20f9f743-961\"\n\t\t\t\n\t\t>\n<div class=\"sow-image-container\">\n\t\t<img \n\tsrc=\"https:\/\/soriapasoapaso.es\/wp-content\/uploads\/2017\/05\/gema.jpg\" width=\"208\" height=\"282\" sizes=\"(max-width: 208px) 100vw, 208px\" title=\"Vocal\" alt=\"\" \t\tclass=\"so-widget-image\"\/>\n\t<\/div>\n\n<\/div><\/div><div id=\"panel-961-1-1-1\" class=\"so-panel widget widget_sow-editor panel-last-child\" data-index=\"4\" ><div\n\t\t\t\n\t\t\tclass=\"so-widget-sow-editor so-widget-sow-editor-base\"\n\t\t\t\n\t\t>\n<div class=\"siteorigin-widget-tinymce textwidget\">\n\t<h4 style=\"text-align: center;\">Gema de La Fuente<\/h4>\n<h6 style=\"text-align: center;\"><span style=\"color: #808080;\">Vicepresidenta<\/span><\/h6>\n<p style=\"text-align: center;\">\n<\/div>\n<\/div><\/div><\/div><div id=\"pgc-961-1-2\"  class=\"panel-grid-cell\" ><div id=\"panel-961-1-2-0\" class=\"so-panel widget widget_sow-image panel-first-child\" data-index=\"5\" ><div\n\t\t\t\n\t\t\tclass=\"so-widget-sow-image so-widget-sow-image-default-c67d20f9f743-961\"\n\t\t\t\n\t\t>\n<div class=\"sow-image-container\">\n\t\t<img \n\tsrc=\"https:\/\/soriapasoapaso.es\/wp-content\/uploads\/2018\/08\/AnaM-Web.jpg\" width=\"225\" height=\"285\" sizes=\"(max-width: 225px) 100vw, 225px\" alt=\"\" \t\tclass=\"so-widget-image\"\/>\n\t<\/div>\n\n<\/div><\/div><div id=\"panel-961-1-2-1\" class=\"so-panel widget widget_sow-editor panel-last-child\" data-index=\"6\" ><div\n\t\t\t\n\t\t\tclass=\"so-widget-sow-editor so-widget-sow-editor-base\"\n\t\t\t\n\t\t>\n<div class=\"siteorigin-widget-tinymce textwidget\">\n\t<h4 style=\"text-align: center;\">\u00a0Ana Mar\u00eda Abajo<\/h4>\n<h6 style=\"text-align: center;\"><span style=\"color: #808080;\">Secretaria<\/span><\/h6>\n<p style=\"text-align: center;\">\u00a0<\/p>\n<\/div>\n<\/div><\/div><\/div><div id=\"pgc-961-1-3\"  class=\"panel-grid-cell\" ><div id=\"panel-961-1-3-0\" class=\"so-panel widget widget_sow-image panel-first-child\" data-index=\"7\" ><div\n\t\t\t\n\t\t\tclass=\"so-widget-sow-image so-widget-sow-image-default-c67d20f9f743-961\"\n\t\t\t\n\t\t>\n<div class=\"sow-image-container\">\n\t\t<img \n\tsrc=\"https:\/\/soriapasoapaso.es\/wp-content\/uploads\/2021\/06\/IMG_20210223_100332-scaled.jpg\" width=\"2560\" height=\"1182\" srcset=\"https:\/\/soriapasoapaso.es\/wp-content\/uploads\/2021\/06\/IMG_20210223_100332-scaled.jpg 2560w, https:\/\/soriapasoapaso.es\/wp-content\/uploads\/2021\/06\/IMG_20210223_100332-300x139.jpg 300w, https:\/\/soriapasoapaso.es\/wp-content\/uploads\/2021\/06\/IMG_20210223_100332-1024x473.jpg 1024w, https:\/\/soriapasoapaso.es\/wp-content\/uploads\/2021\/06\/IMG_20210223_100332-768x355.jpg 768w, https:\/\/soriapasoapaso.es\/wp-content\/uploads\/2021\/06\/IMG_20210223_100332-1536x709.jpg 1536w, https:\/\/soriapasoapaso.es\/wp-content\/uploads\/2021\/06\/IMG_20210223_100332-2048x946.jpg 2048w\" sizes=\"(max-width: 2560px) 100vw, 2560px\" title=\"IMG_20210223_100332\" alt=\"\" \t\tclass=\"so-widget-image\"\/>\n\t<\/div>\n\n<\/div><\/div><div id=\"panel-961-1-3-1\" class=\"so-panel widget widget_sow-editor panel-last-child\" data-index=\"8\" ><div\n\t\t\t\n\t\t\tclass=\"so-widget-sow-editor so-widget-sow-editor-base\"\n\t\t\t\n\t\t>\n<div class=\"siteorigin-widget-tinymce textwidget\">\n\t<h4 style=\"text-align: center;\">Ricardo Oc\u00f3n<\/h4>\n<h6 style=\"text-align: center;\"><span style=\"color: #808080;\">Tesorero<\/span><\/h6>\n<p style=\"text-align: center;\">\n<\/div>\n<\/div><\/div><\/div><div id=\"pgc-961-1-4\"  class=\"panel-grid-cell\" ><div id=\"panel-961-1-4-0\" class=\"so-panel widget widget_sow-image panel-first-child\" data-index=\"9\" ><div\n\t\t\t\n\t\t\tclass=\"so-widget-sow-image so-widget-sow-image-default-c67d20f9f743-961\"\n\t\t\t\n\t\t>\n<div class=\"sow-image-container\">\n\t\t<img \n\tsrc=\"https:\/\/soriapasoapaso.es\/wp-content\/uploads\/2025\/02\/IMG20241027131827-scaled.jpg\" width=\"2560\" height=\"1440\" srcset=\"https:\/\/soriapasoapaso.es\/wp-content\/uploads\/2025\/02\/IMG20241027131827-scaled.jpg 2560w, https:\/\/soriapasoapaso.es\/wp-content\/uploads\/2025\/02\/IMG20241027131827-300x169.jpg 300w, https:\/\/soriapasoapaso.es\/wp-content\/uploads\/2025\/02\/IMG20241027131827-1024x576.jpg 1024w, https:\/\/soriapasoapaso.es\/wp-content\/uploads\/2025\/02\/IMG20241027131827-768x432.jpg 768w, https:\/\/soriapasoapaso.es\/wp-content\/uploads\/2025\/02\/IMG20241027131827-1536x864.jpg 1536w, https:\/\/soriapasoapaso.es\/wp-content\/uploads\/2025\/02\/IMG20241027131827-2048x1152.jpg 2048w\" sizes=\"(max-width: 2560px) 100vw, 2560px\" title=\"oplus_2\" alt=\"\" \t\tclass=\"so-widget-image\"\/>\n\t<\/div>\n\n<\/div><\/div><div id=\"panel-961-1-4-1\" class=\"so-panel widget widget_sow-editor panel-last-child\" data-index=\"10\" ><div\n\t\t\t\n\t\t\tclass=\"so-widget-sow-editor so-widget-sow-editor-base\"\n\t\t\t\n\t\t>\n<div class=\"siteorigin-widget-tinymce textwidget\">\n\t<h4 style=\"text-align: center;\">Maria Asunci\u00f3n Sanchez Garc\u00eda<\/h4>\n<h6 style=\"text-align: center;\"><span style=\"color: #808080;\">Vocal<\/span><\/h6>\n<p style=\"text-align: center;\">\n<\/div>\n<\/div><\/div><\/div><\/div><div id=\"pg-961-2\"  class=\"panel-grid panel-no-style\" ><div id=\"pgc-961-2-0\"  class=\"panel-grid-cell\" ><div id=\"panel-961-2-0-0\" class=\"so-panel widget widget_sow-editor panel-first-child\" data-index=\"11\" ><div\n\t\t\t\n\t\t\tclass=\"so-widget-sow-editor so-widget-sow-editor-base\"\n\t\t\t\n\t\t>\n<div class=\"siteorigin-widget-tinymce textwidget\">\n\t<h2>Historia<\/h2>\n<\/div>\n<\/div><\/div><div id=\"panel-961-2-0-1\" class=\"so-panel widget widget_sow-editor panel-last-child\" data-index=\"12\" ><div\n\t\t\t\n\t\t\tclass=\"so-widget-sow-editor so-widget-sow-editor-base\"\n\t\t\t\n\t\t>\n<div class=\"siteorigin-widget-tinymce textwidget\">\n\t<p>Iniciamos nuestra andadura a principios de Julio de 2015 \u2013en concreto el d\u00eda 10- en una reuni\u00f3n a la que asistimos cuatro adultos a los efectos de poder analizar la posibilidad de crear un grupo de senderismon, destacar que la iniciativa es de Luis Guerrero al que agradecemos su inquietud y esfuerzo para la creaci\u00f3n de este club que tantas satisfacciones nos ha dado.<\/p>\n<p>&nbsp;<\/p>\n<p>La convergencia de opiniones nos indujo en aquel momento a poner nombre a nuestro grupo concret\u00e1ndose en el que hoy utilizamos\u00a0<strong>Soria paso a paso.\u00a0<\/strong>All\u00ed mismo tomamos la determinaci\u00f3n de auto-convocarnos a la que ser\u00eda nuestra primera salida, que lo fue el 14 de julio por la margen derecha del Duero.<\/p>\n<p>&nbsp;<\/p>\n<p>A las 10 de la ma\u00f1ana del 25 de agosto, en el bar Soto Playa, donde nacimos como grupo, nos reunimos 6 miembros del mismo a los efectos de constituirnos como club deportivo. \u00a0All\u00ed mismo se redact\u00f3 el Acta Fundacional, nombrando la Junta Directiva y se fijaron los fines del club.<\/p>\n<p>&nbsp;<\/p>\n<p>El 18 de septiembre y previa deliberaci\u00f3n al respecto, nos uniformamos con un polar azul. En aquellas fechas \u00e9ramos 11 adultos comprometidos en nuestro grupo.<\/p>\n<p>&nbsp;<\/p>\n<p>Hasta marzo de 2017, cuando realizamos nuestra \u00faltima asamblea, fuimos un grupo cerrado, porque queremos ser algo m\u00e1s que compa\u00f1eros al andar, avanzar hacia el conocimiento personal para llegar a una relaci\u00f3n de amistad y empat\u00eda, y en esa fecha ampliamos el n\u00famero de socios hasta 50.<\/p>\n<p>&nbsp;<\/p>\n<p>Adem\u00e1s de lo espec\u00edfico de la actividad que nos a\u00fana, entre nuestros prop\u00f3sitos est\u00e1 la promoci\u00f3n de nuestra provincia en sus aspectos deportivos, culturales y tur\u00edsticos. Como consecuencia de lo anterior utilizamos los canales de comunicaci\u00f3n social como son Facebook, Youtube, Blogspot y Flickr a los que se pueden acceder desde los enlaces de esta web.<\/p>\n<p>&nbsp;<\/p>\n<p>El 4 de marzo de 2016 qued\u00f3 inscrito nuestro club en el Registro oficial de La Consejer\u00eda correspondiente de la Junta de Castilla y Le\u00f3n con el n\u00famero 12338<\/p>\n<p>&nbsp;<\/p>\n<p>Con fecha 18 de abril recibimos comunicaci\u00f3n del Ayuntamiento de Soria de haber sido inscrito nuestro club en el Registro Municipal con el n\u00famero 373.<\/p>\n<p>&nbsp;<\/p>\n<p>El 9 de julio celebramos con alegr\u00eda y satisfacci\u00f3n evidentes el primer aniversario de la constituci\u00f3n como grupo de Soria paso a paso, con la asistencia de 20 de los 23 componentes que lo conform\u00e1bamos entonces, adem\u00e1s de 4 invitados (parejas de algunos de nosotros).<\/p>\n<p>&nbsp;<\/p>\n<p>En junio iniciamos el proceso de dotarnos con un corta-vientos y una camiseta que, adem\u00e1s de identificarnos con nuestro emblema, nos une un poquito m\u00e1s como club.<\/p>\n<p>&nbsp;<\/p>\n<p>El 15 de septiembre se re\u00fane de nuevo La Junta Directiva para dar forma a la federaci\u00f3n del club en las respectivas federaciones Nacional y Auton\u00f3mica de monta\u00f1ismo y analizar en un primer avance el sistema de cuotas para el nuevo a\u00f1o.<\/p>\n<p>&nbsp;<\/p>\n<p>En reuni\u00f3n de Junta Directiva de 6 de marzo de 2018 se decide entre otros asuntos, el cambio de domicilio social al actualmente existente, as\u00ed como actualizar los procedimientos de toma de datos, consentimiento informado, correos electr\u00f3nicos, comunicaciones de web y relaci\u00f3n con los socios, a la ley de protecci\u00f3n de datos personales y de imagen.<\/p>\n<p>Tambi\u00e9n se decide incluir informaci\u00f3n del MIDE en la web para cada ruta, y explicarlo al principio de cada ruta.<\/p>\n<p>&nbsp;<\/p>\n<p>El 3 de abril en Junta Directiva, se acuerda incluir en la web pesta\u00f1as de protecci\u00f3n de datos e im\u00e1genes y normas del club, protocolos de alta de nuevos socios y consentimientos informados.<\/p>\n<p>En materia de transporte hasta el punto de encuentro y teniendo en cuenta el acuerdo de asamblea extraordinaria celebrada el 22 de abril de 2017 que literalmente dice:<\/p>\n<p><em>5) Viajes <\/em><\/p>\n<p><em>Punto de encuentro<\/em><\/p>\n<p><em>En el pueblo o acceso m\u00e1s pr\u00f3ximo al inicio de la ruta senderista que ser\u00e1 se\u00f1alizado en la informaci\u00f3n previa a las rutas. Con lo cual, tanto la forma de llegada como el resumen de gastos que se ven\u00eda haciendo, dejan de ser responsabilidad del Club Deportivo Soria Paso a Paso.<\/em><\/p>\n<p>&nbsp;<\/p>\n<p>Se acuerda:<\/p>\n<p>&nbsp;<\/p>\n<p><em>Se decide que el club facilite el acuerdo entre particulares, (sin intervenir en la forma en que los socios se desplacen al punto de encuentro de la actividad deportiva que se indica en la convocatoria, ni en el acuerdo entre propietarios de los veh\u00edculos y sus ocupantes), de la siguiente forma:<\/em><\/p>\n<ul>\n<li style=\"text-align: left;\"><em>Poner a disposici\u00f3n de los socios los medios de comunicaci\u00f3n para que sus socios puedan compartir viajes, tipo WhatsApp \u201ccomparto coche rutas\u201d compuesta por todos los miembros del club, y donde puedan ponerse en contacto los propietarios y usuarios de cada coche, siendo ellos quien decidan las condiciones econ\u00f3micas y lugares de recogida.<\/em><\/li>\n<\/ul>\n<p>&nbsp;<\/p>\n<p>Por tanto en las rutas provinciales, convocamos el punto de encuentro e inicio de la ruta en el lugar donde se empieza a andar, siendo por tanto responsabilidad del senderista el traslado hasta dicho lugar, no obstante, compartiendo la preocupaci\u00f3n por el calentamiento global de nuestro planeta y siguiendo los consejos de las instituciones oficiales en compartir los veh\u00edculos propios en nuestros traslados privados, hemos puesto en marcha un grupo de whapsapp, donde los senderistas puedan compartir sus necesidades de transporte, (basado en la sentencia del caso blablacar del juzgado Mercantil n\u00ba 2 de Madrid) y se queda en un punto de la ciudad para comprobar meteorolog\u00eda y confirmar, anular o cambiar la ruta, saliendo seguidamente en coches particulares hacia el punto de encuentro e inicio de la ruta elegida.<\/p>\n<p>&nbsp;<\/p>\n<p><strong>ACTIVIDAD REALIZADA<\/strong><\/p>\n<p>&nbsp;<\/p>\n<p><strong>En 2016<\/strong><\/p>\n<p>El n\u00famero de rutas que se han realizado en este a\u00f1o por la provincia de Soria ha sido 31.\u00a0 En septiembre del 14 al 24, partiendo de Sarria (Lugo), 10 miembros del club hicieron el Camino de Santiago. El 12 de noviembre, 45 senderistas visitaron la Selva de Irati en el Pirineo Navarro.<\/p>\n<p>&nbsp;<\/p>\n<p><strong>En 2017<\/strong><\/p>\n<p>Adem\u00e1s de todo este proceso organizativo y las salidas que semanalmente realizamos dentro de nuestra provincia, este a\u00f1o hemos vistado:<\/p>\n<ul>\n<li style=\"text-align: left;\">La ruta de Sto. Domingo de Silos - La Yecla \u2013 Pe\u00f1acoba en la provincia de Burgos.<\/li>\n<li style=\"text-align: left;\">La ruta del Cares en el oto\u00f1o de 2017.<\/li>\n<\/ul>\n<p>&nbsp;<\/p>\n<p><strong>En 2018 <\/strong><\/p>\n<p>Realizamos salidas casi todos los s\u00e1bados (a excepci\u00f3n de mitad de junio a mitad de septiembre), adem\u00e1s de las rutas siguientes:<\/p>\n<ul>\n<li style=\"text-align: left;\">En Orbaneja del castillo (Burgos) conocimos sus cascadas, alrededores y el Ca\u00f1\u00f3n del Ebro.<\/li>\n<li style=\"text-align: left;\">En los Picos de Europa, se celebr\u00f3 el d\u00eda nacional del senderista en el que participamos 11 senderistas del club organizado por la FEDME y la FADME con la colaboraci\u00f3n del club senderista Pe\u00f1a Santa.<\/li>\n<li style=\"text-align: left;\">Visitamos el nacedero del Urederra en Baquedano.<\/li>\n<li style=\"text-align: left;\">En Ordesa pudimos admirar los colores del oto\u00f1o y sus cascadas recorriendo el valle hasta la cola de caballo.<\/li>\n<\/ul>\n<p><strong>\u00a0<\/strong><\/p>\n<p><strong>En 2019 <\/strong><\/p>\n<p>Realizamos 38 salidas de las que 11 son fuera de la provincia y 6 de ellas en autob\u00fas, destacando como especiales las rutas siguientes:<\/p>\n<ul>\n<li style=\"list-style-type: none;\">\n<ul>\n<li style=\"text-align: left;\">En Ateca caminamos por su hermoso paisaje de formaciones rojas en la vega del Manubles.<\/li>\n<li style=\"text-align: left;\">Por el salto del nervi\u00f3n, disfrutamos de su sorprendete paisaje y salto de 222 metros del altura, siendo el mas alto de la pen\u00ednsula.<\/li>\n<li style=\"text-align: left;\">Fuimos a las Viniegras desde el punto de nieve de santa Ines.<\/li>\n<li style=\"text-align: left;\">En Alquezar y sus pasarelas compartimos charla con la televisi\u00f3n nacional.<\/li>\n<li style=\"text-align: left;\">Llevamos un autob\u00fas al Caminito del rey y Torcal de Antequera en M\u00e1laga.<\/li>\n<li style=\"text-align: left;\">En el hayedo de la Tejera Negra conseguimos entrar en la \u00e9poca de los colores del oto\u00f1o.<\/li>\n<li style=\"text-align: left;\">En las hoces del r\u00edo Durat\u00f3n tuvimos que hacer dos grupos para poder visitar el ca\u00f1\u00f3n y San Frutos.<\/li>\n<li style=\"text-align: left;\">El Zurraquin, Urbi\u00f3n, Pe\u00f1as blancas, Ambascuerdas, La senda mala, Maga\u00f1a, el Revinuesa, San Felices, Rello, Vilde, Aguaviva de la Vega.......Son nombres que nos trasladan a espacios y momentos que en los que nuestras mentes se recrean.<\/li>\n<\/ul>\n<\/li>\n<li><\/li>\n<li style=\"list-style-type: none;\"><strong>En 2020<\/strong>\n<p>Realizamos 18 salidas por la provincia y luego la pandemia, por lo que se suspendieron las salidas.<\/p>\n<\/li>\n<\/ul>\n<p>&nbsp;<\/p>\n<ul>\n<li><strong>En 2021<\/strong>\n<p>Continuamos con la Pandemia y ya empezamos a salir a final de a\u00f1o realizamos 26 salidas por la provincia y una a Palencia a la Cueva del cobre.<\/p>\n<\/li>\n<\/ul>\n<p>&nbsp;<\/p>\n<p><strong>En 2022<\/strong><\/p>\n<p>Realizamos 32 salidas de las que 8 son fuera de la provincia, destacando como especiales las rutas siguientes:<\/p>\n<p>El viaje a Fr\u00edas y Tobera de la Tobalina.<\/p>\n<p>A los Pueblos negros de Guadalajara.<\/p>\n<p>A las Fuentes Carrionas en Palencia.<\/p>\n<p>Calmarza en Zaragoza.<\/p>\n<p>El pantano y castillo de Monteagudo, Cihuela, El agujer\u00f3n de la Sierra de Cabrejas, Mor\u00f3n de Almaz\u00e1n, Burgo de osma, El Royo, Villaciervitos, Casarejos al ca\u00f1on del Rio Lobos, Golmayo , el ca\u00f1o de la Mora en Ocenilla, Puente R\u00e1, Covaleda y el el mirador del Pericon, Oncala, Mu\u00f1alba, el Milanos en Calata\u00f1azor, Rioseco, San Rom\u00e1n de Cameros, El Hayedo del Barranco de las Rameras, .................Aguaviva de la Vega y su Capadocia, nos transportan a lugares llenos de recuerdos.<\/p>\n<p>&nbsp;<\/p>\n<p><strong>En 2023<\/strong><\/p>\n<p>Realizamos 33 salidas de las que 8 son fuera de la provincia, destacando como especiales las rutas siguientes:<\/p>\n<p>&nbsp;<\/p>\n<p>Pasarelas de Aliaga.<\/p>\n<p>Hoces del Riaza<\/p>\n<p>Cementerio de Bettereville<\/p>\n<p>La lastra en Cabrejas, el ca\u00f1on del Orillares, La Pica en Ome\u00f1aca, Uxama, Pe\u00f1alcazar, Liceras, La Alameda, Alcubilla de Avellaneda, Paules altas, Laguna Verde, Zurraqu\u00edn, Retortillo, cascadas de Covaleda, Berlanga, ,,,,,,, el Achicuelo. forman parte de nuestra memoria.<\/p>\n<p>&nbsp;<\/p>\n<p><strong>En 2024<\/strong><\/p>\n<p>Realizamos 35 salidas de las que 10 son fuera de la provincia, destacando como especiales las rutas siguientes:<\/p>\n<p>&nbsp;<\/p>\n<p>Nacimiento del rio Cuervo.<\/p>\n<p>Salto del Nervi\u00f3n.<\/p>\n<p>Mallos de Riglos.<\/p>\n<p>Pineta<\/p>\n<p>Congosto de Mont Rebei<\/p>\n<p>Ba\u00f1os de Panticosa<\/p>\n<p>Valle de Estos y la caba\u00f1a del Turmo<\/p>\n<p>Los Aigualluts en Benasque.<\/p>\n<p>Valvanera<\/p>\n<p>Las Fuentes de Valonsadero, la Venta nueva, Castroviejo y la Chorla, Cascadas de Cabrejas, La Pe\u00f1ota en Muriel de la Fuente, Cebollera, Urbi\u00f3n desde el Bunker, Cueva de Villaciervos, los Tejos del valle del Urbi\u00f3n, Calderas de Duruelo, La Muela de Berat\u00f3n, Castillo de Vinuesa ,,,,,,,,,,,,,Somolinos, son recuerdos y vivencias que nos acompa\u00f1an en nuestras vidas.<\/p>\n<p>&nbsp;<\/p>\n<p>&nbsp;<\/p>\n<p>&nbsp;<\/p>\n<p>&nbsp;<\/p>\n<p>&nbsp;<\/p>\n<p>&nbsp;<\/p>\n<ul>\n<li style=\"list-style-type: none;\"><\/li>\n<li><\/li>\n<\/ul>\n<p>&nbsp;<\/p>\n<p>&nbsp;<\/p>\n<ul>\n<li><\/li>\n<li style=\"list-style-type: none;\">&nbsp;\n<ul>\n<li><\/li>\n<\/ul>\n<\/li>\n<li style=\"list-style-type: none;\">\n<ul>\n<li><\/li>\n<\/ul>\n<\/li>\n<\/ul>\n<p><b>Peri\u00f3dicamente<\/b><strong>:<\/strong><\/p>\n<p>Colocamos un bel\u00e9n en el v\u00e9rtice geod\u00e9sico del Pico Frente, vig\u00eda permanente de nuestra ciudad, que se ha convertido en un evento institucional del club.<\/p>\n<p>Solemos convocar una cena como aniversario fin de temporada en Julio y una comida tras\u00a0 recoger el bel\u00e9n pasada la navidad.<\/p>\n<p>&nbsp;<\/p>\n<p><img loading=\"lazy\" decoding=\"async\" class=\"wp-image-12116 size-large aligncenter\" src=\"http:\/\/soriapasoapaso.es\/wp-content\/uploads\/2023\/02\/hemos-conseguido-1-1024x786.jpg\" alt=\"\" width=\"880\" height=\"675\" srcset=\"https:\/\/soriapasoapaso.es\/wp-content\/uploads\/2023\/02\/hemos-conseguido-1-1024x786.jpg 1024w, https:\/\/soriapasoapaso.es\/wp-content\/uploads\/2023\/02\/hemos-conseguido-1-300x230.jpg 300w, https:\/\/soriapasoapaso.es\/wp-content\/uploads\/2023\/02\/hemos-conseguido-1-768x589.jpg 768w, https:\/\/soriapasoapaso.es\/wp-content\/uploads\/2023\/02\/hemos-conseguido-1.jpg 1247w\" sizes=\"auto, (max-width: 880px) 100vw, 880px\" \/><\/p>\n<p>&nbsp;<\/p>\n<p>&nbsp;<\/p>\n<p>&nbsp;<\/p>\n<p>&nbsp;<\/p>\n<p>&nbsp;<\/p>\n<h2>En enero de 2023 la Asamblea general ha acordado ampliar el numero de socios a 75.<\/h2>\n<\/div>\n<\/div><\/div><\/div><\/div><\/div>","protected":false},"excerpt":{"rendered":"<p>Junta Directiva Jos\u00e9 Antonio Mart\u00ednez Presidente \u00a0 Gema de La Fuente Vicepresidenta \u00a0Ana Mar\u00eda Abajo Secretaria \u00a0 Ricardo Oc\u00f3n Tesorero Maria Asunci\u00f3n Sanchez Garc\u00eda Vocal<\/p>\n","protected":false},"author":1,"featured_media":0,"parent":0,"menu_order":0,"comment_status":"closed","ping_status":"closed","template":"Full-width-page.php","meta":{"footnotes":""},"class_list":["post-961","page","type-page","status-publish","hentry"],"_links":{"self":[{"href":"https:\/\/soriapasoapaso.es\/index.php?rest_route=\/wp\/v2\/pages\/961","targetHints":{"allow":["GET"]}}],"collection":[{"href":"https:\/\/soriapasoapaso.es\/index.php?rest_route=\/wp\/v2\/pages"}],"about":[{"href":"https:\/\/soriapasoapaso.es\/index.php?rest_route=\/wp\/v2\/types\/page"}],"author":[{"embeddable":true,"href":"https:\/\/soriapasoapaso.es\/index.php?rest_route=\/wp\/v2\/users\/1"}],"replies":[{"embeddable":true,"href":"https:\/\/soriapasoapaso.es\/index.php?rest_route=%2Fwp%2Fv2%2Fcomments&post=961"}],"version-history":[{"count":98,"href":"https:\/\/soriapasoapaso.es\/index.php?rest_route=\/wp\/v2\/pages\/961\/revisions"}],"predecessor-version":[{"id":17124,"href":"https:\/\/soriapasoapaso.es\/index.php?rest_route=\/wp\/v2\/pages\/961\/revisions\/17124"}],"wp:attachment":[{"href":"https:\/\/soriapasoapaso.es\/index.php?rest_route=%2Fwp%2Fv2%2Fmedia&parent=961"}],"curies":[{"name":"wp","href":"https:\/\/api.w.org\/{rel}","templated":true}]}}