{"id":2610,"date":"2018-04-25T22:23:22","date_gmt":"2018-04-25T20:23:22","guid":{"rendered":"http:\/\/soriapasoapaso.es\/?page_id=2610"},"modified":"2018-12-01T17:57:41","modified_gmt":"2018-12-01T16:57:41","slug":"aviso-legal","status":"publish","type":"page","link":"https:\/\/soriapasoapaso.es\/?page_id=2610","title":{"rendered":"Aviso legal"},"content":{"rendered":"<p><strong>AVISO LEGAL<\/strong><\/p>\n<ul>\n<li>\n<p style=\"text-align: left;\">De conformidad con la normativa de la protecci\u00f3n de Datos Personales le informamos que Ud. nos autoriza a comunicar los datos que nos facilita para ser incluidos en unos ficheros automatizados cuya titularidad corresponde a la Federaci\u00f3n Espa\u00f1ola de Deportes de\u00a0 Monta\u00f1a y Escalada (FEDME), a la Federaci\u00f3n de Deportes de Monta\u00f1a Escalada y Senderismo de Castilla y Le\u00f3n (FDMESCYL) y al <strong>\u00a0Club de Deportivo SORIA PASO A PASO<\/strong> , con la finalidad de obtener la tarjeta federativa, de participar en las actividades reconocidas y validadas a efectos federativos y de recibir informaci\u00f3n general sobre los servicios, promociones y actividades relacionadas con las mismas.Le informamos tambi\u00e9n que podr\u00e1 ejercer sus derechos de acceso, rectificaci\u00f3n, supresi\u00f3n, limitaci\u00f3n a tratamiento, portabilidad y oposici\u00f3n al tratamiento de sus datos mediante una comunicaci\u00f3n dirigida a FEDME C\/ Floridablanca, 84, 08015- Barcelona, FDMESCYL c\/ Profesor Adolfo Miaja de la Muela, n\u00ba 16, 47014 \u2013 Valladolid y al <strong>CD SORIA PASO A PASO,<\/strong><strong>Centro Municipal Polivalente \u201cLa Presentaci\u00f3n\u201d, Plaza Bernardo Robles, 9, 42002 \u2013 Soria<\/strong><\/p>\n<p style=\"text-align: left;\">Asimismo, al tramitar la licencia federativa autoriza a la comunicaci\u00f3n de sus datos a la entidad aseguradora y a la corredur\u00eda de seguros con quien se haya suscrito el seguro m\u00e9dico obligatorio, con el fin de gestionar las coberturas de accidentes m\u00e9dicos y de responsabilidad civil.<\/p>\n<p style=\"text-align: left;\">Del mismo modo y de acuerdo a los intereses deportivos, de promoci\u00f3n, distribuci\u00f3n y explotaci\u00f3n del Club, los inscritos en sus distintas actividades, autorizan de manera expresa y sin l\u00edmite temporal al <strong>C. D. Soria paso a Paso<\/strong>, el uso publicitario de fotos, videos y cualquier otro tipo de material fotogr\u00e1fico o audiovisual en el que pueda figurar, en los medios de comunicaci\u00f3n, cine y\/o Internet, sin esperar retribuci\u00f3n alguna por este concepto.<\/p>\n<\/li>\n<li style=\"text-align: left;\">En el formulario que aparecer\u00e1 tras aceptar las condiciones anteriormente descritas se le pedir\u00e1 \u00fanicamente nombre, correo electr\u00f3nico y el motivo de la toma de contacto con nosotros.<strong>Uso de Cookies<\/strong>El acceso a nuestra web implica la utilizaci\u00f3n de cookies con el objeto de reconocer a los usuarios que se hayan registrado y poder ofrecerles un mejor servicio y m\u00e1s personalizado as\u00ed como informaci\u00f3n t\u00e9cnica.\n<p>Las cookies no permiten acceder a datos de car\u00e1cter personal ni, en general, a datos del disco duro.<\/p>\n<p>Las cookies son ficheros de texto de tama\u00f1o peque\u00f1o que se almacenan en el disco duro o en la memoria del ordenador utilizado por cada usuario para que el servidor recuerde cierta informaci\u00f3n que posteriormente puede utilizase.<\/p>\n<p>Aquellos usuarios que no deseen recibir cookies o quieran ser informados antes de que se almacenen en su ordenador, puede configurar su navegador a tal efecto:<\/p>\n<ul>\n<li><strong>Microsoft Internet Explorer<\/strong>&gt; men\u00fa Herramientas &gt; Opciones de Internet &gt; Privacidad &gt; Configuraci\u00f3n<\/li>\n<li><strong>Google Chrome<\/strong>&gt; men\u00fa Herramientas &gt; Configuraci\u00f3n &gt; Mostrar opciones avanzadas &gt; Privacidad (Configuraci\u00f3n de Contenido) &gt; Cookies<\/li>\n<li><strong>Firefox<\/strong>&gt; men\u00fa Herramientas &gt; Opciones &gt; Privacidad &gt; Cookies<\/li>\n<\/ul>\n<p>&nbsp;<\/p>\n<p>Si tenemos estad\u00edsticas y el servicio lo proporciona:<\/p>\n<p><strong>Google Analytics<\/strong><\/p>\n<p>Google Analytics utiliza \u00abcookies\u00bb, que son archivos de texto ubicados en su ordenador, para ayudar al website a analizar el uso que hacen los usuarios del sitio web. La informaci\u00f3n que genera la cookie acerca de su uso del website (incluyendo su direcci\u00f3n IP) ser\u00e1 directamente transmitida y archivada por Google en los servidores de Estados Unidos. Google usar\u00e1 esta informaci\u00f3n por cuenta nuestra con el prop\u00f3sito de seguir la pista de su uso del website, recopilando informes de la actividad del website y prestando otros servicios relacionados con la actividad del website y el uso de Internet.<\/p>\n<p>Google podr\u00e1 transmitir dicha informaci\u00f3n a terceros cuando as\u00ed se lo requiera la legislaci\u00f3n, o cuando dichos terceros procesen la informaci\u00f3n por cuenta de Google. Google no asociar\u00e1 su direcci\u00f3n IP con ning\u00fan otro dato del que disponga Google. Puede Usted rechazar el tratamiento de los datos o la informaci\u00f3n rechazando el uso de cookies mediante la selecci\u00f3n de la configuraci\u00f3n apropiada de su navegador, sin embargo, debe Usted saber que si lo hace puede ser que no pueda usar la plena funcionabilidad de este website. Al utilizar este website Usted consiente el tratamiento de informaci\u00f3n acerca de Usted por Google en la forma y para los fines arriba indicados.<\/p>\n<p>Los detalles completos de las cookies que utiliza Google Analytics se puede encontrar en Cookies y Google Analytics en la documentaci\u00f3n para el c\u00f3digo de Google Analytics de seguimiento.<\/p>\n<p>Adem\u00e1s de rechazar cookies, tambi\u00e9n puedes instalar en tu navegador el complemento de inhabilitaci\u00f3n de Google Analytics, que evita que Google Analytics recopile informaci\u00f3n sobre visitas a sitios web:<\/p>\n<p><a href=\"http:\/\/tools.google.com\/dlpage\/gaoptout\"><strong>Complemento de inhabilitaci\u00f3n para navegadores de Google Analytics<\/strong><\/a><strong>:<\/strong><\/li>\n<\/ul>\n","protected":false},"excerpt":{"rendered":"<p>AVISO LEGAL De conformidad con la normativa de la protecci\u00f3n de Datos Personales le informamos que Ud. nos autoriza a comunicar los datos que nos facilita para ser incluidos en unos ficheros automatizados cuya titularidad corresponde a la Federaci\u00f3n Espa\u00f1ola de Deportes de\u00a0 Monta\u00f1a y Escalada (FEDME), a la Federaci\u00f3n <\/p>\n<p><a class=\"read-more\" href=\"https:\/\/soriapasoapaso.es\/?page_id=2610\">Read More<\/a><\/p>\n","protected":false},"author":1,"featured_media":0,"parent":0,"menu_order":0,"comment_status":"closed","ping_status":"closed","template":"","meta":{"footnotes":""},"class_list":["post-2610","page","type-page","status-publish","hentry"],"_links":{"self":[{"href":"https:\/\/soriapasoapaso.es\/index.php?rest_route=\/wp\/v2\/pages\/2610","targetHints":{"allow":["GET"]}}],"collection":[{"href":"https:\/\/soriapasoapaso.es\/index.php?rest_route=\/wp\/v2\/pages"}],"about":[{"href":"https:\/\/soriapasoapaso.es\/index.php?rest_route=\/wp\/v2\/types\/page"}],"author":[{"embeddable":true,"href":"https:\/\/soriapasoapaso.es\/index.php?rest_route=\/wp\/v2\/users\/1"}],"replies":[{"embeddable":true,"href":"https:\/\/soriapasoapaso.es\/index.php?rest_route=%2Fwp%2Fv2%2Fcomments&post=2610"}],"version-history":[{"count":6,"href":"https:\/\/soriapasoapaso.es\/index.php?rest_route=\/wp\/v2\/pages\/2610\/revisions"}],"predecessor-version":[{"id":3403,"href":"https:\/\/soriapasoapaso.es\/index.php?rest_route=\/wp\/v2\/pages\/2610\/revisions\/3403"}],"wp:attachment":[{"href":"https:\/\/soriapasoapaso.es\/index.php?rest_route=%2Fwp%2Fv2%2Fmedia&parent=2610"}],"curies":[{"name":"wp","href":"https:\/\/api.w.org\/{rel}","templated":true}]}}