{"id":1040,"date":"2017-05-11T12:34:31","date_gmt":"2017-05-11T10:34:31","guid":{"rendered":"http:\/\/soriapasoapaso.es\/?page_id=1040"},"modified":"2018-12-27T22:07:19","modified_gmt":"2018-12-27T21:07:19","slug":"blog","status":"publish","type":"page","link":"https:\/\/soriapasoapaso.es\/?page_id=1040","title":{"rendered":"BLOG"},"content":{"rendered":"<div id=\"pl-1040\"  class=\"panel-layout\" ><div id=\"pg-1040-0\"  class=\"panel-grid panel-no-style\" ><div id=\"pgc-1040-0-0\"  class=\"panel-grid-cell\" ><div id=\"panel-1040-0-0-0\" class=\"so-panel widget widget_ink-blog panel-first-child panel-last-child\" data-index=\"0\" ><div\n\t\t\t\n\t\t\tclass=\"so-widget-ink-blog so-widget-ink-blog-thumb-left-99118a10c92a-1040\"\n\t\t\t\n\t\t>\n\n\n\t<div class=\"iw-so-blog\">\n\n\t\t<div id=\"my-ajax-blog-widget\">\n\n\t\t\t<div class=\"iw-so-blog-container iw-so-blog-equal-height\">\n\n\t\t\t\t\n\t\t\t\t\t<div class=\"iw-so-article iw-so-thumb-left iw-so-blog-one-column iw-so-last-col\">\n\n\t\t\t\t\t\t\n\t\t\t\t\t\t\t<div class=\"iw-so-article-thumb iw-so-blog-article-responsive\">\n\n\t\t\t\t\t\t\t\t <div class=\"iw-so-article-thumb-wrap\"> \n\t\t\t\t\t\t\t\t\t<a href=\"https:\/\/soriapasoapaso.es\/?p=18725\">\n\t\t\t\t\t\t\t\t\t\t<center><img loading=\"lazy\" decoding=\"async\" width=\"300\" height=\"169\" src=\"https:\/\/soriapasoapaso.es\/wp-content\/uploads\/2026\/04\/IMG_20260411_104556-300x169.jpg\" class=\"attachment-medium size-medium wp-post-image\" alt=\"\" srcset=\"https:\/\/soriapasoapaso.es\/wp-content\/uploads\/2026\/04\/IMG_20260411_104556-300x169.jpg 300w, https:\/\/soriapasoapaso.es\/wp-content\/uploads\/2026\/04\/IMG_20260411_104556-1024x576.jpg 1024w, https:\/\/soriapasoapaso.es\/wp-content\/uploads\/2026\/04\/IMG_20260411_104556-768x432.jpg 768w, https:\/\/soriapasoapaso.es\/wp-content\/uploads\/2026\/04\/IMG_20260411_104556-1536x864.jpg 1536w, https:\/\/soriapasoapaso.es\/wp-content\/uploads\/2026\/04\/IMG_20260411_104556-2048x1152.jpg 2048w\" sizes=\"auto, (max-width: 300px) 100vw, 300px\" \/><\/center>\n\t\t\t\t\t\t\t\t\t\t\t\t\t\t\t\t\t\t\t<\/a>\n\n\t\t\t\t\t\t\t\t <\/div> \n\t\t\t\t\t\t\t<\/div>\n\n\t\t\t\t\t\t\n\t\t\t\t\t\t<div class=\"iw-so-article-content iw-so-blog-article-responsive\">\n\n\t\t\t\t\t\t\t\n\t\t\t\t\t\t\t<h2 class=\"iw-so-article-title iw-text-left\">\n\t\t\t\t\t\t\t\t<a href=\"https:\/\/soriapasoapaso.es\/?p=18725\">\t\t\t\t\t\t\t\t\tElisabel explorando la Cueva de los Pilares. (11 de abril de 2026)\t\t\t\t\t\t\t\t<\/a>\t\t\t\t\t\t\t<\/h2>\n\n\t\t\t\t\t\t\t\n\t\t\t\t\t\t\t\n\t\t\t\t\t\t\t\t<p class=\"iw-so-article-excerpt iw-text-left\">\n\t\t\t\t\t\t\t\t\t\t\t\t\t\t\t\t\t\t\tEl t\u00edtulo de la narraci\u00f3n de hoy lo encabeza Elisabel. Con ello, quiero dedicar un merecido reconocimiento a esta...\t\t\t\t\t\t\t\t\t\t\t\t\t\t\t\t\t<\/p>\n\n\t\t\t\t\t\t\t\n\t\t\t\t\t\t\t\n\t\t\t\t\t\t\t\n\t\t\t\t\t\t<\/div>\n\n\t\t\t\t\t<\/div>\n\n\t\t\t\t\t\n\t\t\t\t\n\t\t\t\t\t<div class=\"iw-so-article iw-so-thumb-left iw-so-blog-one-column iw-so-last-col\">\n\n\t\t\t\t\t\t\n\t\t\t\t\t\t\t<div class=\"iw-so-article-thumb iw-so-blog-article-responsive\">\n\n\t\t\t\t\t\t\t\t <div class=\"iw-so-article-thumb-wrap\"> \n\t\t\t\t\t\t\t\t\t<a href=\"https:\/\/soriapasoapaso.es\/?p=18602\">\n\t\t\t\t\t\t\t\t\t\t<center><img loading=\"lazy\" decoding=\"async\" width=\"300\" height=\"135\" src=\"https:\/\/soriapasoapaso.es\/wp-content\/uploads\/2026\/04\/IMG_20260328_133648-300x135.jpg\" class=\"attachment-medium size-medium wp-post-image\" alt=\"\" srcset=\"https:\/\/soriapasoapaso.es\/wp-content\/uploads\/2026\/04\/IMG_20260328_133648-300x135.jpg 300w, https:\/\/soriapasoapaso.es\/wp-content\/uploads\/2026\/04\/IMG_20260328_133648-1024x461.jpg 1024w, https:\/\/soriapasoapaso.es\/wp-content\/uploads\/2026\/04\/IMG_20260328_133648-768x346.jpg 768w, https:\/\/soriapasoapaso.es\/wp-content\/uploads\/2026\/04\/IMG_20260328_133648-1536x691.jpg 1536w, https:\/\/soriapasoapaso.es\/wp-content\/uploads\/2026\/04\/IMG_20260328_133648-2048x922.jpg 2048w\" sizes=\"auto, (max-width: 300px) 100vw, 300px\" \/><\/center>\n\t\t\t\t\t\t\t\t\t\t\t\t\t\t\t\t\t\t\t<\/a>\n\n\t\t\t\t\t\t\t\t <\/div> \n\t\t\t\t\t\t\t<\/div>\n\n\t\t\t\t\t\t\n\t\t\t\t\t\t<div class=\"iw-so-article-content iw-so-blog-article-responsive\">\n\n\t\t\t\t\t\t\t\n\t\t\t\t\t\t\t<h2 class=\"iw-so-article-title iw-text-left\">\n\t\t\t\t\t\t\t\t<a href=\"https:\/\/soriapasoapaso.es\/?p=18602\">\t\t\t\t\t\t\t\t\tCOVALEDA: BELLEZA Y LEYENDA \t\t\t\tSoria, 28 Marzo 2026\t\t\t\t\t\t\t\t<\/a>\t\t\t\t\t\t\t<\/h2>\n\n\t\t\t\t\t\t\t\n\t\t\t\t\t\t\t\n\t\t\t\t\t\t\t\t<p class=\"iw-so-article-excerpt iw-text-left\">\n\t\t\t\t\t\t\t\t\t\t\t\t\t\t\t\t\t\t\tHoy dejamos nuestra huella por el siempre admirado y admirable pinar de Covaleda. Ese inmenso mar verde, sin flujo...\t\t\t\t\t\t\t\t\t\t\t\t\t\t\t\t\t<\/p>\n\n\t\t\t\t\t\t\t\n\t\t\t\t\t\t\t\n\t\t\t\t\t\t\t\n\t\t\t\t\t\t<\/div>\n\n\t\t\t\t\t<\/div>\n\n\t\t\t\t\t\n\t\t\t\t\n\t\t\t\t\t<div class=\"iw-so-article iw-so-thumb-left iw-so-blog-one-column iw-so-last-col\">\n\n\t\t\t\t\t\t\n\t\t\t\t\t\t\t<div class=\"iw-so-article-thumb iw-so-blog-article-responsive\">\n\n\t\t\t\t\t\t\t\t <div class=\"iw-so-article-thumb-wrap\"> \n\t\t\t\t\t\t\t\t\t<a href=\"https:\/\/soriapasoapaso.es\/?p=18584\">\n\t\t\t\t\t\t\t\t\t\t<center><img loading=\"lazy\" decoding=\"async\" width=\"300\" height=\"135\" src=\"https:\/\/soriapasoapaso.es\/wp-content\/uploads\/2026\/04\/IMG_20260321_124853-2-300x135.jpg\" class=\"attachment-medium size-medium wp-post-image\" alt=\"\" srcset=\"https:\/\/soriapasoapaso.es\/wp-content\/uploads\/2026\/04\/IMG_20260321_124853-2-300x135.jpg 300w, https:\/\/soriapasoapaso.es\/wp-content\/uploads\/2026\/04\/IMG_20260321_124853-2-1024x461.jpg 1024w, https:\/\/soriapasoapaso.es\/wp-content\/uploads\/2026\/04\/IMG_20260321_124853-2-768x346.jpg 768w, https:\/\/soriapasoapaso.es\/wp-content\/uploads\/2026\/04\/IMG_20260321_124853-2-1536x691.jpg 1536w, https:\/\/soriapasoapaso.es\/wp-content\/uploads\/2026\/04\/IMG_20260321_124853-2-2048x922.jpg 2048w\" sizes=\"auto, (max-width: 300px) 100vw, 300px\" \/><\/center>\n\t\t\t\t\t\t\t\t\t\t\t\t\t\t\t\t\t\t\t<\/a>\n\n\t\t\t\t\t\t\t\t <\/div> \n\t\t\t\t\t\t\t<\/div>\n\n\t\t\t\t\t\t\n\t\t\t\t\t\t<div class=\"iw-so-article-content iw-so-blog-article-responsive\">\n\n\t\t\t\t\t\t\t\n\t\t\t\t\t\t\t<h2 class=\"iw-so-article-title iw-text-left\">\n\t\t\t\t\t\t\t\t<a href=\"https:\/\/soriapasoapaso.es\/?p=18584\">\t\t\t\t\t\t\t\t\tDescubriendo las merindades en Ojo Guare\u00f1a (21 marzo de 2026)\t\t\t\t\t\t\t\t<\/a>\t\t\t\t\t\t\t<\/h2>\n\n\t\t\t\t\t\t\t\n\t\t\t\t\t\t\t\n\t\t\t\t\t\t\t\t<p class=\"iw-so-article-excerpt iw-text-left\">\n\t\t\t\t\t\t\t\t\t\t\t\t\t\t\t\t\t\t\tEste s\u00e1bado nos vamos a un territorio austero, t\u00edpico castellano que es la comarca de las Merindades, situada al...\t\t\t\t\t\t\t\t\t\t\t\t\t\t\t\t\t<\/p>\n\n\t\t\t\t\t\t\t\n\t\t\t\t\t\t\t\n\t\t\t\t\t\t\t\n\t\t\t\t\t\t<\/div>\n\n\t\t\t\t\t<\/div>\n\n\t\t\t\t\t\n\t\t\t\t\n\t\t\t\t\t<div class=\"iw-so-article iw-so-thumb-left iw-so-blog-one-column iw-so-last-col\">\n\n\t\t\t\t\t\t\n\t\t\t\t\t\t\t<div class=\"iw-so-article-thumb iw-so-blog-article-responsive\">\n\n\t\t\t\t\t\t\t\t <div class=\"iw-so-article-thumb-wrap\"> \n\t\t\t\t\t\t\t\t\t<a href=\"https:\/\/soriapasoapaso.es\/?p=18533\">\n\t\t\t\t\t\t\t\t\t\t<center><img loading=\"lazy\" decoding=\"async\" width=\"300\" height=\"225\" src=\"https:\/\/soriapasoapaso.es\/wp-content\/uploads\/2026\/03\/12-IMG_1333-300x225.jpg\" class=\"attachment-medium size-medium wp-post-image\" alt=\"\u00a1Feliz Primavera! Que el sol nos abrace fuerte y que la naturaleza nos contagie su fuerza en nuestras rutas.\" srcset=\"https:\/\/soriapasoapaso.es\/wp-content\/uploads\/2026\/03\/12-IMG_1333-300x225.jpg 300w, https:\/\/soriapasoapaso.es\/wp-content\/uploads\/2026\/03\/12-IMG_1333-1024x768.jpg 1024w, https:\/\/soriapasoapaso.es\/wp-content\/uploads\/2026\/03\/12-IMG_1333-768x576.jpg 768w, https:\/\/soriapasoapaso.es\/wp-content\/uploads\/2026\/03\/12-IMG_1333.jpg 1159w\" sizes=\"auto, (max-width: 300px) 100vw, 300px\" \/><\/center>\n\t\t\t\t\t\t\t\t\t\t\t\t\t\t\t\t\t\t\t<\/a>\n\n\t\t\t\t\t\t\t\t <\/div> \n\t\t\t\t\t\t\t<\/div>\n\n\t\t\t\t\t\t\n\t\t\t\t\t\t<div class=\"iw-so-article-content iw-so-blog-article-responsive\">\n\n\t\t\t\t\t\t\t\n\t\t\t\t\t\t\t<h2 class=\"iw-so-article-title iw-text-left\">\n\t\t\t\t\t\t\t\t<a href=\"https:\/\/soriapasoapaso.es\/?p=18533\">\t\t\t\t\t\t\t\t\tNuestra azarosa ruta por el ca\u00f1\u00f3n del Talegones (14\/3\/26)\t\t\t\t\t\t\t\t<\/a>\t\t\t\t\t\t\t<\/h2>\n\n\t\t\t\t\t\t\t\n\t\t\t\t\t\t\t\n\t\t\t\t\t\t\t\t<p class=\"iw-so-article-excerpt iw-text-left\">\n\t\t\t\t\t\t\t\t\t\t\t\t\t\t\t\t\t\t\t&nbsp; A principios de marzo empieza la primavera climatol\u00f3gica y los narcisos silvestres que nacen en el ca\u00f1\u00f3n que...\t\t\t\t\t\t\t\t\t\t\t\t\t\t\t\t\t<\/p>\n\n\t\t\t\t\t\t\t\n\t\t\t\t\t\t\t\n\t\t\t\t\t\t\t\n\t\t\t\t\t\t<\/div>\n\n\t\t\t\t\t<\/div>\n\n\t\t\t\t\t\n\t\t\t\t\n\t\t\t\t\t<div class=\"iw-so-article iw-so-thumb-left iw-so-blog-one-column iw-so-last-col\">\n\n\t\t\t\t\t\t\n\t\t\t\t\t\t\t<div class=\"iw-so-article-thumb iw-so-blog-article-responsive\">\n\n\t\t\t\t\t\t\t\t <div class=\"iw-so-article-thumb-wrap\"> \n\t\t\t\t\t\t\t\t\t<a href=\"https:\/\/soriapasoapaso.es\/?p=18510\">\n\t\t\t\t\t\t\t\t\t\t<center><img loading=\"lazy\" decoding=\"async\" width=\"300\" height=\"135\" src=\"https:\/\/soriapasoapaso.es\/wp-content\/uploads\/2026\/03\/IMG_20260307_1217252-300x135.jpg\" class=\"attachment-medium size-medium wp-post-image\" alt=\"\" srcset=\"https:\/\/soriapasoapaso.es\/wp-content\/uploads\/2026\/03\/IMG_20260307_1217252-300x135.jpg 300w, https:\/\/soriapasoapaso.es\/wp-content\/uploads\/2026\/03\/IMG_20260307_1217252-1024x461.jpg 1024w, https:\/\/soriapasoapaso.es\/wp-content\/uploads\/2026\/03\/IMG_20260307_1217252-768x346.jpg 768w, https:\/\/soriapasoapaso.es\/wp-content\/uploads\/2026\/03\/IMG_20260307_1217252-1536x691.jpg 1536w, https:\/\/soriapasoapaso.es\/wp-content\/uploads\/2026\/03\/IMG_20260307_1217252-2048x922.jpg 2048w\" sizes=\"auto, (max-width: 300px) 100vw, 300px\" \/><\/center>\n\t\t\t\t\t\t\t\t\t\t\t\t\t\t\t\t\t\t\t<\/a>\n\n\t\t\t\t\t\t\t\t <\/div> \n\t\t\t\t\t\t\t<\/div>\n\n\t\t\t\t\t\t\n\t\t\t\t\t\t<div class=\"iw-so-article-content iw-so-blog-article-responsive\">\n\n\t\t\t\t\t\t\t\n\t\t\t\t\t\t\t<h2 class=\"iw-so-article-title iw-text-left\">\n\t\t\t\t\t\t\t\t<a href=\"https:\/\/soriapasoapaso.es\/?p=18510\">\t\t\t\t\t\t\t\t\tHISTORICAS ATALAYAS, OJOS DEL PASADO  \tSoria, 7 Marzo 2026\t\t\t\t\t\t\t\t<\/a>\t\t\t\t\t\t\t<\/h2>\n\n\t\t\t\t\t\t\t\n\t\t\t\t\t\t\t\n\t\t\t\t\t\t\t\t<p class=\"iw-so-article-excerpt iw-text-left\">\n\t\t\t\t\t\t\t\t\t\t\t\t\t\t\t\t\t\t\tHa sido una constante en nuestra actividad senderista no solo recorrer distancias por caminos \u00a0m\u00e1s o menos accesibles o...\t\t\t\t\t\t\t\t\t\t\t\t\t\t\t\t\t<\/p>\n\n\t\t\t\t\t\t\t\n\t\t\t\t\t\t\t\n\t\t\t\t\t\t\t\n\t\t\t\t\t\t<\/div>\n\n\t\t\t\t\t<\/div>\n\n\t\t\t\t\t\n\t\t\t\t\n\t\t\t\t\t<div class=\"iw-so-article iw-so-thumb-left iw-so-blog-one-column iw-so-last-col\">\n\n\t\t\t\t\t\t\n\t\t\t\t\t\t\t<div class=\"iw-so-article-thumb iw-so-blog-article-responsive\">\n\n\t\t\t\t\t\t\t\t <div class=\"iw-so-article-thumb-wrap\"> \n\t\t\t\t\t\t\t\t\t<a href=\"https:\/\/soriapasoapaso.es\/?p=18348\">\n\t\t\t\t\t\t\t\t\t\t<center><img loading=\"lazy\" decoding=\"async\" width=\"300\" height=\"135\" src=\"https:\/\/soriapasoapaso.es\/wp-content\/uploads\/2026\/03\/P1-MG_20260228_105037-300x135.jpg\" class=\"attachment-medium size-medium wp-post-image\" alt=\"\" srcset=\"https:\/\/soriapasoapaso.es\/wp-content\/uploads\/2026\/03\/P1-MG_20260228_105037-300x135.jpg 300w, https:\/\/soriapasoapaso.es\/wp-content\/uploads\/2026\/03\/P1-MG_20260228_105037-1024x461.jpg 1024w, https:\/\/soriapasoapaso.es\/wp-content\/uploads\/2026\/03\/P1-MG_20260228_105037-768x346.jpg 768w, https:\/\/soriapasoapaso.es\/wp-content\/uploads\/2026\/03\/P1-MG_20260228_105037-1536x691.jpg 1536w, https:\/\/soriapasoapaso.es\/wp-content\/uploads\/2026\/03\/P1-MG_20260228_105037.jpg 1920w\" sizes=\"auto, (max-width: 300px) 100vw, 300px\" \/><\/center>\n\t\t\t\t\t\t\t\t\t\t\t\t\t\t\t\t\t\t\t<\/a>\n\n\t\t\t\t\t\t\t\t <\/div> \n\t\t\t\t\t\t\t<\/div>\n\n\t\t\t\t\t\t\n\t\t\t\t\t\t<div class=\"iw-so-article-content iw-so-blog-article-responsive\">\n\n\t\t\t\t\t\t\t\n\t\t\t\t\t\t\t<h2 class=\"iw-so-article-title iw-text-left\">\n\t\t\t\t\t\t\t\t<a href=\"https:\/\/soriapasoapaso.es\/?p=18348\">\t\t\t\t\t\t\t\t\tPOR TIERRAS ALTAS\u2026 Y DESPOBLADAS              Soria, 28 Febrero 2026\t\t\t\t\t\t\t\t<\/a>\t\t\t\t\t\t\t<\/h2>\n\n\t\t\t\t\t\t\t\n\t\t\t\t\t\t\t\n\t\t\t\t\t\t\t\t<p class=\"iw-so-article-excerpt iw-text-left\">\n\t\t\t\t\t\t\t\t\t\t\t\t\t\t\t\t\t\t\t&nbsp; No es una novedad que, en nuestras habituales rutas senderistas, atravesemos comarcas, poblaciones, enclaves que, en otro tiempo,...\t\t\t\t\t\t\t\t\t\t\t\t\t\t\t\t\t<\/p>\n\n\t\t\t\t\t\t\t\n\t\t\t\t\t\t\t\n\t\t\t\t\t\t\t\n\t\t\t\t\t\t<\/div>\n\n\t\t\t\t\t<\/div>\n\n\t\t\t\t\t\n\t\t\t\t\n\t\t\t\t\t<div class=\"iw-so-article iw-so-thumb-left iw-so-blog-one-column iw-so-last-col\">\n\n\t\t\t\t\t\t\n\t\t\t\t\t\t\t<div class=\"iw-so-article-thumb iw-so-blog-article-responsive\">\n\n\t\t\t\t\t\t\t\t <div class=\"iw-so-article-thumb-wrap\"> \n\t\t\t\t\t\t\t\t\t<a href=\"https:\/\/soriapasoapaso.es\/?p=18332\">\n\t\t\t\t\t\t\t\t\t\t<center><img loading=\"lazy\" decoding=\"async\" width=\"300\" height=\"135\" src=\"https:\/\/soriapasoapaso.es\/wp-content\/uploads\/2026\/03\/P1-20260221_130556-300x135.jpg\" class=\"attachment-medium size-medium wp-post-image\" alt=\"\" srcset=\"https:\/\/soriapasoapaso.es\/wp-content\/uploads\/2026\/03\/P1-20260221_130556-300x135.jpg 300w, https:\/\/soriapasoapaso.es\/wp-content\/uploads\/2026\/03\/P1-20260221_130556-1024x461.jpg 1024w, https:\/\/soriapasoapaso.es\/wp-content\/uploads\/2026\/03\/P1-20260221_130556-768x346.jpg 768w, https:\/\/soriapasoapaso.es\/wp-content\/uploads\/2026\/03\/P1-20260221_130556-1536x692.jpg 1536w, https:\/\/soriapasoapaso.es\/wp-content\/uploads\/2026\/03\/P1-20260221_130556.jpg 1678w\" sizes=\"auto, (max-width: 300px) 100vw, 300px\" \/><\/center>\n\t\t\t\t\t\t\t\t\t\t\t\t\t\t\t\t\t\t\t<\/a>\n\n\t\t\t\t\t\t\t\t <\/div> \n\t\t\t\t\t\t\t<\/div>\n\n\t\t\t\t\t\t\n\t\t\t\t\t\t<div class=\"iw-so-article-content iw-so-blog-article-responsive\">\n\n\t\t\t\t\t\t\t\n\t\t\t\t\t\t\t<h2 class=\"iw-so-article-title iw-text-left\">\n\t\t\t\t\t\t\t\t<a href=\"https:\/\/soriapasoapaso.es\/?p=18332\">\t\t\t\t\t\t\t\t\tHOCES DEL ALTO EBRO Y RUDR\u00d3N     21-22 de febrero de 2026\t\t\t\t\t\t\t\t<\/a>\t\t\t\t\t\t\t<\/h2>\n\n\t\t\t\t\t\t\t\n\t\t\t\t\t\t\t\n\t\t\t\t\t\t\t\t<p class=\"iw-so-article-excerpt iw-text-left\">\n\t\t\t\t\t\t\t\t\t\t\t\t\t\t\t\t\t\t\tDejamos atr\u00e1s la esencia primera del grupo para dirigirnos a otras orillas, las del Parque Natural de las Hoces...\t\t\t\t\t\t\t\t\t\t\t\t\t\t\t\t\t<\/p>\n\n\t\t\t\t\t\t\t\n\t\t\t\t\t\t\t\n\t\t\t\t\t\t\t\n\t\t\t\t\t\t<\/div>\n\n\t\t\t\t\t<\/div>\n\n\t\t\t\t\t\n\t\t\t\t\n\t\t\t\t\t<div class=\"iw-so-article iw-so-thumb-left iw-so-blog-one-column iw-so-last-col\">\n\n\t\t\t\t\t\t\n\t\t\t\t\t\t\t<div class=\"iw-so-article-thumb iw-so-blog-article-responsive\">\n\n\t\t\t\t\t\t\t\t <div class=\"iw-so-article-thumb-wrap\"> \n\t\t\t\t\t\t\t\t\t<a href=\"https:\/\/soriapasoapaso.es\/?p=18293\">\n\t\t\t\t\t\t\t\t\t\t<center><img loading=\"lazy\" decoding=\"async\" width=\"300\" height=\"139\" src=\"https:\/\/soriapasoapaso.es\/wp-content\/uploads\/2026\/02\/01-IMG_20260214_113929-300x139.jpg\" class=\"attachment-medium size-medium wp-post-image\" alt=\"\" srcset=\"https:\/\/soriapasoapaso.es\/wp-content\/uploads\/2026\/02\/01-IMG_20260214_113929-300x139.jpg 300w, https:\/\/soriapasoapaso.es\/wp-content\/uploads\/2026\/02\/01-IMG_20260214_113929-1024x473.jpg 1024w, https:\/\/soriapasoapaso.es\/wp-content\/uploads\/2026\/02\/01-IMG_20260214_113929-768x355.jpg 768w, https:\/\/soriapasoapaso.es\/wp-content\/uploads\/2026\/02\/01-IMG_20260214_113929-1536x710.jpg 1536w, https:\/\/soriapasoapaso.es\/wp-content\/uploads\/2026\/02\/01-IMG_20260214_113929.jpg 1881w\" sizes=\"auto, (max-width: 300px) 100vw, 300px\" \/><\/center>\n\t\t\t\t\t\t\t\t\t\t\t\t\t\t\t\t\t\t\t<\/a>\n\n\t\t\t\t\t\t\t\t <\/div> \n\t\t\t\t\t\t\t<\/div>\n\n\t\t\t\t\t\t\n\t\t\t\t\t\t<div class=\"iw-so-article-content iw-so-blog-article-responsive\">\n\n\t\t\t\t\t\t\t\n\t\t\t\t\t\t\t<h2 class=\"iw-so-article-title iw-text-left\">\n\t\t\t\t\t\t\t\t<a href=\"https:\/\/soriapasoapaso.es\/?p=18293\">\t\t\t\t\t\t\t\t\tA la Ermita de San Bartolom\u00e9 por las Gullur\u00edas. 14 de febrero de 2026\t\t\t\t\t\t\t\t<\/a>\t\t\t\t\t\t\t<\/h2>\n\n\t\t\t\t\t\t\t\n\t\t\t\t\t\t\t\n\t\t\t\t\t\t\t\t<p class=\"iw-so-article-excerpt iw-text-left\">\n\t\t\t\t\t\t\t\t\t\t\t\t\t\t\t\t\t\t\t&nbsp; En el d\u00eda de S. Valent\u00edn, estamos pendientes de la novena borrasca de gran impacto que nos llega...\t\t\t\t\t\t\t\t\t\t\t\t\t\t\t\t\t<\/p>\n\n\t\t\t\t\t\t\t\n\t\t\t\t\t\t\t\n\t\t\t\t\t\t\t\n\t\t\t\t\t\t<\/div>\n\n\t\t\t\t\t<\/div>\n\n\t\t\t\t\t\n\t\t\t\t\n\t\t\t\t\t<div class=\"iw-so-article iw-so-thumb-left iw-so-blog-one-column iw-so-last-col\">\n\n\t\t\t\t\t\t\n\t\t\t\t\t\t\t<div class=\"iw-so-article-thumb iw-so-blog-article-responsive\">\n\n\t\t\t\t\t\t\t\t <div class=\"iw-so-article-thumb-wrap\"> \n\t\t\t\t\t\t\t\t\t<a href=\"https:\/\/soriapasoapaso.es\/?p=18093\">\n\t\t\t\t\t\t\t\t\t\t<center><img loading=\"lazy\" decoding=\"async\" width=\"300\" height=\"135\" src=\"https:\/\/soriapasoapaso.es\/wp-content\/uploads\/2026\/01\/20-IMG_20251220_121850-300x135.jpg\" class=\"attachment-medium size-medium wp-post-image\" alt=\"\" srcset=\"https:\/\/soriapasoapaso.es\/wp-content\/uploads\/2026\/01\/20-IMG_20251220_121850-300x135.jpg 300w, https:\/\/soriapasoapaso.es\/wp-content\/uploads\/2026\/01\/20-IMG_20251220_121850-1024x460.jpg 1024w, https:\/\/soriapasoapaso.es\/wp-content\/uploads\/2026\/01\/20-IMG_20251220_121850-768x345.jpg 768w, https:\/\/soriapasoapaso.es\/wp-content\/uploads\/2026\/01\/20-IMG_20251220_121850.jpg 1068w\" sizes=\"auto, (max-width: 300px) 100vw, 300px\" \/><\/center>\n\t\t\t\t\t\t\t\t\t\t\t\t\t\t\t\t\t\t\t<\/a>\n\n\t\t\t\t\t\t\t\t <\/div> \n\t\t\t\t\t\t\t<\/div>\n\n\t\t\t\t\t\t\n\t\t\t\t\t\t<div class=\"iw-so-article-content iw-so-blog-article-responsive\">\n\n\t\t\t\t\t\t\t\n\t\t\t\t\t\t\t<h2 class=\"iw-so-article-title iw-text-left\">\n\t\t\t\t\t\t\t\t<a href=\"https:\/\/soriapasoapaso.es\/?p=18093\">\t\t\t\t\t\t\t\t\tRUTAS QUE SON MEMORIA E HISTORIA.  (20 de diciembre de 2025 y 17 enero de 2026)\t\t\t\t\t\t\t\t<\/a>\t\t\t\t\t\t\t<\/h2>\n\n\t\t\t\t\t\t\t\n\t\t\t\t\t\t\t\n\t\t\t\t\t\t\t\t<p class=\"iw-so-article-excerpt iw-text-left\">\n\t\t\t\t\t\t\t\t\t\t\t\t\t\t\t\t\t\t\tEl t\u00edtulo no es caprichoso. Porque hay rutas que hacemos anualmente, siguiendo una tradici\u00f3n, casi reverencial, en funci\u00f3n del...\t\t\t\t\t\t\t\t\t\t\t\t\t\t\t\t\t<\/p>\n\n\t\t\t\t\t\t\t\n\t\t\t\t\t\t\t\n\t\t\t\t\t\t\t\n\t\t\t\t\t\t<\/div>\n\n\t\t\t\t\t<\/div>\n\n\t\t\t\t\t\n\t\t\t\t\n\t\t\t\t\t<div class=\"iw-so-article iw-so-thumb-left iw-so-blog-one-column iw-so-last-col\">\n\n\t\t\t\t\t\t\n\t\t\t\t\t\t\t<div class=\"iw-so-article-thumb iw-so-blog-article-responsive\">\n\n\t\t\t\t\t\t\t\t <div class=\"iw-so-article-thumb-wrap\"> \n\t\t\t\t\t\t\t\t\t<a href=\"https:\/\/soriapasoapaso.es\/?p=18014\">\n\t\t\t\t\t\t\t\t\t\t<center><img loading=\"lazy\" decoding=\"async\" width=\"300\" height=\"169\" src=\"https:\/\/soriapasoapaso.es\/wp-content\/uploads\/2026\/01\/noob4.2qF6_10-01-2026_11.08.34_358.Skin-tone-2-300x169.jpg\" class=\"attachment-medium size-medium wp-post-image\" alt=\"\" srcset=\"https:\/\/soriapasoapaso.es\/wp-content\/uploads\/2026\/01\/noob4.2qF6_10-01-2026_11.08.34_358.Skin-tone-2-300x169.jpg 300w, https:\/\/soriapasoapaso.es\/wp-content\/uploads\/2026\/01\/noob4.2qF6_10-01-2026_11.08.34_358.Skin-tone-2-1024x576.jpg 1024w, https:\/\/soriapasoapaso.es\/wp-content\/uploads\/2026\/01\/noob4.2qF6_10-01-2026_11.08.34_358.Skin-tone-2-768x432.jpg 768w, https:\/\/soriapasoapaso.es\/wp-content\/uploads\/2026\/01\/noob4.2qF6_10-01-2026_11.08.34_358.Skin-tone-2.jpg 1519w\" sizes=\"auto, (max-width: 300px) 100vw, 300px\" \/><\/center>\n\t\t\t\t\t\t\t\t\t\t\t\t\t\t\t\t\t\t\t<\/a>\n\n\t\t\t\t\t\t\t\t <\/div> \n\t\t\t\t\t\t\t<\/div>\n\n\t\t\t\t\t\t\n\t\t\t\t\t\t<div class=\"iw-so-article-content iw-so-blog-article-responsive\">\n\n\t\t\t\t\t\t\t\n\t\t\t\t\t\t\t<h2 class=\"iw-so-article-title iw-text-left\">\n\t\t\t\t\t\t\t\t<a href=\"https:\/\/soriapasoapaso.es\/?p=18014\">\t\t\t\t\t\t\t\t\tGOLMAYO \u2013 ALTO DE LAS LLANILLAS  10\/01\/2026\t\t\t\t\t\t\t\t<\/a>\t\t\t\t\t\t\t<\/h2>\n\n\t\t\t\t\t\t\t\n\t\t\t\t\t\t\t\n\t\t\t\t\t\t\t\t<p class=\"iw-so-article-excerpt iw-text-left\">\n\t\t\t\t\t\t\t\t\t\t\t\t\t\t\t\t\t\t\tEs nuestra primera ruta despu\u00e9s de la pausa navide\u00f1a y comenzamos flojito y en Golmayo, a escasos minutos de...\t\t\t\t\t\t\t\t\t\t\t\t\t\t\t\t\t<\/p>\n\n\t\t\t\t\t\t\t\n\t\t\t\t\t\t\t\n\t\t\t\t\t\t\t\n\t\t\t\t\t\t<\/div>\n\n\t\t\t\t\t<\/div>\n\n\t\t\t\t\t\n\t\t\t\t\n\t\t\t<\/div>\n\n\t\t\t\n\t\t\t\t\n\t\t\t\t\t<h3 class=\"screen-reader-text\">Posts Navigation<\/h3>\n\t\t\t<nav id='iw-so-blog-pagination' class=\"iw-so-blog-pagination iw-so-blog-prev-next iw-so-navi-btn iw-so-navi-btn-hover iw-so-navi-btn-click\" role=\"navigation\">\n\t\t\t\t<ul>\n\t\t\t\t\t<li class=\"iw-so-blog-previous\"><\/li>\n\t\t\t\t\t<li class=\"iw-so-blog-next\"><a href=\"https:\/\/soriapasoapaso.es\/index.php?rest_route=%2Fwp%2Fv2%2Fpages%2F1040&#038;paged=2\" >Anteriores <\/a><\/li>\n\t\t\t\t<\/ul>\n\t\t\t<\/nav>\n\t\t\n\t\t\n\t\n\t\t\t\n\t\t<\/div>\n\n\t<\/div>\n\n\n<\/div><\/div><\/div><\/div><\/div>","protected":false},"excerpt":{"rendered":"<p>Elisabel explorando la Cueva de los Pilares. (11 de abril de 2026) El t\u00edtulo de la narraci\u00f3n de hoy lo encabeza Elisabel. Con ello, quiero dedicar un merecido reconocimiento a esta&#8230; COVALEDA: BELLEZA Y LEYENDA Soria, 28 Marzo 2026 Hoy dejamos nuestra huella por el siempre admirado y admirable pinar <\/p>\n<p><a class=\"read-more\" href=\"https:\/\/soriapasoapaso.es\/?page_id=1040\">Read More<\/a><\/p>\n","protected":false},"author":1,"featured_media":0,"parent":0,"menu_order":0,"comment_status":"closed","ping_status":"closed","template":"","meta":{"footnotes":""},"class_list":["post-1040","page","type-page","status-publish","hentry"],"_links":{"self":[{"href":"https:\/\/soriapasoapaso.es\/index.php?rest_route=\/wp\/v2\/pages\/1040","targetHints":{"allow":["GET"]}}],"collection":[{"href":"https:\/\/soriapasoapaso.es\/index.php?rest_route=\/wp\/v2\/pages"}],"about":[{"href":"https:\/\/soriapasoapaso.es\/index.php?rest_route=\/wp\/v2\/types\/page"}],"author":[{"embeddable":true,"href":"https:\/\/soriapasoapaso.es\/index.php?rest_route=\/wp\/v2\/users\/1"}],"replies":[{"embeddable":true,"href":"https:\/\/soriapasoapaso.es\/index.php?rest_route=%2Fwp%2Fv2%2Fcomments&post=1040"}],"version-history":[{"count":11,"href":"https:\/\/soriapasoapaso.es\/index.php?rest_route=\/wp\/v2\/pages\/1040\/revisions"}],"predecessor-version":[{"id":3667,"href":"https:\/\/soriapasoapaso.es\/index.php?rest_route=\/wp\/v2\/pages\/1040\/revisions\/3667"}],"wp:attachment":[{"href":"https:\/\/soriapasoapaso.es\/index.php?rest_route=%2Fwp%2Fv2%2Fmedia&parent=1040"}],"curies":[{"name":"wp","href":"https:\/\/api.w.org\/{rel}","templated":true}]}}